{"id":76393,"date":"2019-03-15T12:54:00","date_gmt":"2019-03-15T12:54:00","guid":{"rendered":"https:\/\/www.chiunitepray.com\/?page_id=76393"},"modified":"2025-12-15T15:23:29","modified_gmt":"2025-12-15T15:23:29","slug":"get-involved","status":"publish","type":"page","link":"https:\/\/chiunitepray.com\/es\/get-involved\/","title":{"rendered":"Involucrarse"},"content":{"rendered":"<div class=\"wpb-content-wrapper\"><div data-parent=\"true\" class=\"vc_row row-container\" id=\"row-unique-0\"><div class=\"row unequal col-double-gutter triple-top-padding single-bottom-padding single-h-padding limit-width row-parent\"><div class=\"wpb_row row-inner\"><div class=\"wpb_column pos-top pos-center align_left column_parent col-lg-6 single-internal-gutter\"><div class=\"uncol style-light\"  ><div class=\"uncoltable\"><div class=\"uncell no-block-padding\" ><div class=\"uncont\" ><div class=\"uncode-single-media  text-left\"><div class=\"single-wrapper\" style=\"max-width: 100%;\"><div class=\"tmb tmb-light  tmb-img-ratio tmb-media-first tmb-media-last tmb-content-overlay tmb-no-bg\"><div class=\"t-inside\"><div class=\"t-entry-visual\"><div class=\"t-entry-visual-tc\"><div class=\"uncode-single-media-wrapper\"><div class=\"dummy\" style=\"padding-top: 56.2%;\"><\/div><img decoding=\"async\" class=\"wp-image-79511\" src=\"https:\/\/chiunitepray.com\/wp-content\/uploads\/2022\/09\/CUIP-monthly-meeting-Sep-2019-scaled-e1662049853369-uai-2438x1371.jpg\" width=\"2438\" height=\"1371\" alt=\"\"><\/div>\n\t\t\t\t\t<\/div>\n\t\t\t\t<\/div><\/div><\/div><\/div><\/div><\/div><\/div><\/div><\/div><\/div><div class=\"wpb_column pos-middle pos-center align_left column_parent col-lg-6 half-internal-gutter\"><div class=\"uncol style-light\"  ><div class=\"uncoltable\"><div class=\"uncell no-block-padding\" ><div class=\"uncont\" ><div class=\"vc_custom_heading_wrap\"><div class=\"heading-text el-text\" ><h2 class=\"font-151873 h3 text-uppercase\" ><span>Reuniones Mensuales<\/span><\/h2><\/div><div class=\"clear\"><\/div><\/div><div class=\"uncode_text_column\" ><p>La mejor manera de involucrarse es conocernos en nuestras reuniones mensuales. Nos reunimos el primer mi\u00e9rcoles de cada mes para una reuni\u00f3n de oraci\u00f3n y actualizaci\u00f3n de 10 a 11:30 a. m. Estas reuniones cambian de ubicaci\u00f3n, as\u00ed que suscr\u00edbase a las actualizaciones por correo electr\u00f3nico o h\u00e1gase miembro a continuaci\u00f3n para recibir la informaci\u00f3n m\u00e1s reciente.<\/p>\n<\/div><span class=\"btn-container\" ><a role=\"button\"  href=\"https:\/\/togetherchicago.com\/series\/cuip-monthly-meetings\/\" class=\"custom-link btn btn-sm border-width-0 btn-accent btn-square btn-icon-left\" target=\"_blank\">Pr\u00f3ximas Reuniones Mensuales<\/a><\/span><\/div><\/div><\/div><\/div><\/div><script id=\"script-row-unique-0\" data-row=\"script-row-unique-0\" type=\"text\/javascript\" class=\"vc_controls\">UNCODE.initRow(document.getElementById(\"row-unique-0\"));<\/script><\/div><\/div><\/div><div data-parent=\"true\" class=\"vc_row inverted-device-order row-container\" id=\"row-unique-1\"><div class=\"row unequal col-double-gutter single-top-padding single-bottom-padding single-h-padding limit-width row-parent\"><div class=\"wpb_row row-inner\"><div class=\"wpb_column pos-middle pos-center align_left column_parent col-lg-6 half-internal-gutter\"><div class=\"uncol style-light\"  ><div class=\"uncoltable\"><div class=\"uncell no-block-padding\" ><div class=\"uncont\" ><div class=\"vc_custom_heading_wrap\"><div class=\"heading-text el-text\" ><h2 class=\"font-151873 h3 text-uppercase\" ><span>Eventos de oraci\u00f3n<\/span><\/h2><\/div><div class=\"clear\"><\/div><\/div><div class=\"uncode_text_column\" ><p>Obtenga m\u00e1s informaci\u00f3n sobre las reuniones de oraci\u00f3n que se llevan a cabo en la ciudad y los suburbios visitando nuestro centro de eventos (impulsado por Together Chicago).<\/p>\n<\/div><span class=\"btn-container\" ><a role=\"button\"  href=\"https:\/\/togetherchicago.com\/events\/category\/prayer\/\" class=\"custom-link btn btn-sm border-width-0 btn-accent btn-square btn-icon-left\" target=\"_blank\">Todos los pr\u00f3ximos eventos<\/a><\/span><\/div><\/div><\/div><\/div><\/div><div class=\"wpb_column pos-top pos-center align_left column_parent col-lg-6 single-internal-gutter\"><div class=\"uncol style-light\"  ><div class=\"uncoltable\"><div class=\"uncell no-block-padding\" ><div class=\"uncont\" ><div class=\"uncode-single-media  text-left\"><div class=\"single-wrapper\" style=\"max-width: 100%;\"><div class=\"tmb tmb-light  tmb-img-ratio tmb-media-first tmb-media-last tmb-content-overlay tmb-no-bg\"><div class=\"t-inside\"><div class=\"t-entry-visual\"><div class=\"t-entry-visual-tc\"><div class=\"uncode-single-media-wrapper\"><div class=\"dummy\" style=\"padding-top: 56.3%;\"><\/div><img decoding=\"async\" class=\"wp-image-79801\" src=\"https:\/\/chiunitepray.com\/wp-content\/uploads\/2023\/06\/750fce7c9d5-78f6-47d8-ad6d-82f64969f9c1-scaled-uai-2560x1440.jpg\" width=\"2560\" height=\"1440\" alt=\"\"><\/div>\n\t\t\t\t\t<\/div>\n\t\t\t\t<\/div><\/div><\/div><\/div><\/div><\/div><\/div><\/div><\/div><\/div><script id=\"script-row-unique-1\" data-row=\"script-row-unique-1\" type=\"text\/javascript\" class=\"vc_controls\">UNCODE.initRow(document.getElementById(\"row-unique-1\"));<\/script><\/div><\/div><\/div><div data-parent=\"true\" class=\"vc_row row-container\" id=\"row-unique-2\"><div class=\"row unequal col-double-gutter single-top-padding triple-bottom-padding single-h-padding limit-width row-parent\"><div class=\"wpb_row row-inner\"><div class=\"wpb_column pos-top pos-center align_left column_parent col-lg-6 single-internal-gutter\"><div class=\"uncol style-light\"  ><div class=\"uncoltable\"><div class=\"uncell no-block-padding\" ><div class=\"uncont\" ><div class=\"uncode-single-media  text-left\"><div class=\"single-wrapper\" style=\"max-width: 100%;\"><div class=\"tmb tmb-light  tmb-img-ratio tmb-media-first tmb-media-last tmb-content-overlay tmb-no-bg\"><div class=\"t-inside\"><div class=\"t-entry-visual\"><div class=\"t-entry-visual-tc\"><div class=\"uncode-single-media-wrapper\"><div class=\"dummy\" style=\"padding-top: 56.3%;\"><\/div><img decoding=\"async\" class=\"wp-image-79812\" src=\"https:\/\/chiunitepray.com\/wp-content\/uploads\/2023\/06\/20230528_124011-scaled-uai-2560x1440.jpg\" width=\"2560\" height=\"1440\" alt=\"\"><\/div>\n\t\t\t\t\t<\/div>\n\t\t\t\t<\/div><\/div><\/div><\/div><\/div><\/div><\/div><\/div><\/div><\/div><div class=\"wpb_column pos-middle pos-center align_left column_parent col-lg-6 half-internal-gutter\"><div class=\"uncol style-light\"  ><div class=\"uncoltable\"><div class=\"uncell no-block-padding\" ><div class=\"uncont\" ><div class=\"vc_custom_heading_wrap\"><div class=\"heading-text el-text\" ><h2 class=\"font-151873 h3 text-uppercase\" ><span>SEGUIR<\/span><\/h2><\/div><div class=\"clear\"><\/div><\/div><div class=\"uncode_text_column\" ><p>Con\u00e9ctate con nosotros en las redes sociales y sigue nuestras cuentas para mantenerte informado.<\/p>\n<\/div><div class=\"uncode-vc-social  icons-lead\"><div class=\"social-icon icon-box icon-box-top icon-inline\" ><a href=\"https:\/\/www.facebook.com\/chicagolandunitedinprayer\" role=\"button\" target=\"_blank\"><i class=\"fa fa-facebook-official\"><\/i><\/a><\/div><div class=\"social-icon icon-box icon-box-top icon-inline\" ><a href=\"https:\/\/www.instagram.com\/chicagolandunitedinprayer\/\" role=\"button\" target=\"_blank\"><i class=\"fa fa-instagram\"><\/i><\/a><\/div><div class=\"social-icon icon-box icon-box-top icon-inline\" ><a href=\"https:\/\/www.youtube.com\/c\/ChicagolandUnitedinPrayer\" role=\"button\" target=\"_blank\"><i class=\"fa fa-youtube-play\"><\/i><\/a><\/div><\/div><div class=\"uncode_text_column\" ><p>\u00bfPreguntas?<\/p>\n<p><a href=\"mailto:info@chiunitepray.com\" target=\"_blank\" rel=\"noopener noreferrer\">info@chiunitepray.com<\/a><\/p>\n<\/div><\/div><\/div><\/div><\/div><\/div><script id=\"script-row-unique-2\" data-row=\"script-row-unique-2\" type=\"text\/javascript\" class=\"vc_controls\">UNCODE.initRow(document.getElementById(\"row-unique-2\"));<\/script><\/div><\/div><\/div>\n<\/div>","protected":false},"excerpt":{"rendered":"Monthly MeetingsThe best way to get involved is to get to know us at our monthly meetings. We gather on [...]","protected":false},"author":1,"featured_media":76567,"parent":0,"menu_order":0,"comment_status":"closed","ping_status":"closed","template":"","meta":{"footnotes":""},"class_list":["post-76393","page","type-page","status-publish","has-post-thumbnail","hentry"],"_links":{"self":[{"href":"https:\/\/chiunitepray.com\/es\/wp-json\/wp\/v2\/pages\/76393","targetHints":{"allow":["GET"]}}],"collection":[{"href":"https:\/\/chiunitepray.com\/es\/wp-json\/wp\/v2\/pages"}],"about":[{"href":"https:\/\/chiunitepray.com\/es\/wp-json\/wp\/v2\/types\/page"}],"author":[{"embeddable":true,"href":"https:\/\/chiunitepray.com\/es\/wp-json\/wp\/v2\/users\/1"}],"replies":[{"embeddable":true,"href":"https:\/\/chiunitepray.com\/es\/wp-json\/wp\/v2\/comments?post=76393"}],"version-history":[{"count":0,"href":"https:\/\/chiunitepray.com\/es\/wp-json\/wp\/v2\/pages\/76393\/revisions"}],"wp:featuredmedia":[{"embeddable":true,"href":"https:\/\/chiunitepray.com\/es\/wp-json\/wp\/v2\/media\/76567"}],"wp:attachment":[{"href":"https:\/\/chiunitepray.com\/es\/wp-json\/wp\/v2\/media?parent=76393"}],"curies":[{"name":"gracias","href":"https:\/\/api.w.org\/{rel}","templated":true}]}}