{"id":77814,"date":"2020-01-14T13:58:14","date_gmt":"2020-01-14T13:58:14","guid":{"rendered":"https:\/\/www.chiunitepray.com\/?page_id=77814"},"modified":"2024-01-19T12:12:52","modified_gmt":"2024-01-19T12:12:52","slug":"chicago-neighborhood-prayer-guide","status":"publish","type":"page","link":"https:\/\/chiunitepray.com\/es\/chicago-neighborhood-prayer-guide\/","title":{"rendered":"Gu\u00eda de oraci\u00f3n del vecindario de Chicago"},"content":{"rendered":"<div class=\"wpb-content-wrapper\"><div data-parent=\"true\" class=\"vc_row has-bg need-focus style-color-lxmt-bg row-container\" id=\"row-unique-0\"><div class=\"row triple-top-padding triple-bottom-padding single-h-padding limit-width row-parent\"><div class=\"wpb_row row-inner\"><div class=\"wpb_column pos-middle pos-center align_left column_parent col-lg-12 single-internal-gutter\"><div class=\"uncol style-light\"  ><div class=\"uncoltable\"><div class=\"uncell\" ><div class=\"uncont no-block-padding col-custom-width\" style=\" max-width:852px;\" ><div class=\"vc_row row-internal row-container\"><div class=\"row row-child\"><div class=\"wpb_row row-inner\"><div class=\"wpb_column pos-middle pos-center align_left column_child col-lg-6 single-internal-gutter\"><div class=\"uncol style-light\" ><div class=\"uncoltable\"><div class=\"uncell no-block-padding\" ><div class=\"uncont\" ><div class=\"uncode-single-media  text-center\"><div class=\"single-wrapper\" style=\"max-width: 250px;\"><div class=\"tmb tmb-light  tmb-media-first tmb-media-last tmb-content-overlay tmb-no-bg\"><div class=\"t-inside\"><div class=\"t-entry-visual\"><div class=\"t-entry-visual-tc\"><div class=\"uncode-single-media-wrapper\"><img decoding=\"async\" class=\"wp-image-77815\" src=\"https:\/\/chiunitepray.com\/wp-content\/uploads\/2020\/01\/Chicago-Neighborhood-Prayer-Guide-ENG.jpg\" width=\"229\" height=\"344\" alt=\"\" srcset=\"https:\/\/chiunitepray.com\/wp-content\/uploads\/2020\/01\/Chicago-Neighborhood-Prayer-Guide-ENG.jpg 229w, https:\/\/chiunitepray.com\/wp-content\/uploads\/2020\/01\/Chicago-Neighborhood-Prayer-Guide-ENG-200x300.jpg 200w\" sizes=\"(max-width: 229px) 100vw, 229px\" \/><\/div>\n\t\t\t\t\t<\/div>\n\t\t\t\t<\/div><\/div><\/div><\/div><\/div><\/div><\/div><\/div><\/div><\/div><div class=\"wpb_column pos-middle pos-center align_left column_child col-lg-6 half-internal-gutter\"><div class=\"uncol style-light\" ><div class=\"uncoltable\"><div class=\"uncell no-block-padding\" ><div class=\"uncont\" ><div class=\"uncode_text_column\" ><p>Informado por pasajes clave de la Biblia, el\u00a0<em>Gu\u00eda de oraci\u00f3n del vecindario de Chicago<\/em>\u00a0es un recurso para ayudar a los creyentes a buscar el bienestar de la ciudad a trav\u00e9s de la oraci\u00f3n. Con una lista de las 77 comunidades (compuestas por 221 microbarrios) que conforman la ciudad de Chicago, esta gu\u00eda de oraci\u00f3n brinda informaci\u00f3n sobre la historia, la demograf\u00eda y las necesidades de los vecindarios que conforman cada comunidad, y brinda sugerencias sobre c\u00f3mo orar espec\u00edficamente. , alabar y dar gracias.<\/p>\n<\/div><span class=\"btn-container\" ><a role=\"button\"  href=\"https:\/\/www.moodypublishers.com\/chicago-neighborhood-prayer-guide\/\" class=\"custom-link btn btn-sm border-width-0 btn-accent btn-icon-left\" target=\"_blank\">Comprar Libro \/ eBook (ingl\u00e9s)<\/a><\/span><span class=\"btn-container\" ><a role=\"button\"  href=\"https:\/\/chiunitepray.com\/wp-content\/uploads\/2021\/10\/Chicago-Neighborhood-Prayer-Guide-SPANISH.pdf\" class=\"custom-link btn btn-sm border-width-0 btn-accent btn-icon-left\" target=\"_blank\">Descargar PDF (espa\u00f1ol)<\/a><\/span><\/div><\/div><\/div><\/div><\/div><\/div><\/div><\/div><\/div><\/div><\/div><\/div><\/div><script id=\"script-row-unique-0\" data-row=\"script-row-unique-0\" type=\"text\/javascript\" class=\"vc_controls\">UNCODE.initRow(document.getElementById(\"row-unique-0\"));<\/script><\/div><\/div><\/div>\n<\/div>","protected":false},"excerpt":{"rendered":"Informed by key passages in the Bible, the\u00a0Chicago Neighborhood Prayer Guide\u00a0is a resource to aid believers in seeking the welfare [...]","protected":false},"author":1,"featured_media":77815,"parent":0,"menu_order":0,"comment_status":"closed","ping_status":"closed","template":"","meta":{"footnotes":""},"class_list":["post-77814","page","type-page","status-publish","has-post-thumbnail","hentry"],"_links":{"self":[{"href":"https:\/\/chiunitepray.com\/es\/wp-json\/wp\/v2\/pages\/77814","targetHints":{"allow":["GET"]}}],"collection":[{"href":"https:\/\/chiunitepray.com\/es\/wp-json\/wp\/v2\/pages"}],"about":[{"href":"https:\/\/chiunitepray.com\/es\/wp-json\/wp\/v2\/types\/page"}],"author":[{"embeddable":true,"href":"https:\/\/chiunitepray.com\/es\/wp-json\/wp\/v2\/users\/1"}],"replies":[{"embeddable":true,"href":"https:\/\/chiunitepray.com\/es\/wp-json\/wp\/v2\/comments?post=77814"}],"version-history":[{"count":0,"href":"https:\/\/chiunitepray.com\/es\/wp-json\/wp\/v2\/pages\/77814\/revisions"}],"wp:featuredmedia":[{"embeddable":true,"href":"https:\/\/chiunitepray.com\/es\/wp-json\/wp\/v2\/media\/77815"}],"wp:attachment":[{"href":"https:\/\/chiunitepray.com\/es\/wp-json\/wp\/v2\/media?parent=77814"}],"curies":[{"name":"gracias","href":"https:\/\/api.w.org\/{rel}","templated":true}]}}