{"id":78482,"date":"2020-08-13T21:42:47","date_gmt":"2020-08-13T21:42:47","guid":{"rendered":"https:\/\/cuip.wpenginepowered.com\/?page_id=78482"},"modified":"2020-11-30T19:19:22","modified_gmt":"2020-11-30T19:19:22","slug":"around-the-block","status":"publish","type":"page","link":"https:\/\/chiunitepray.com\/es\/around-the-block\/","title":{"rendered":"Alrededor de la manzana"},"content":{"rendered":"<div class=\"wpb-content-wrapper\"><div data-parent=\"true\" class=\"vc_row row-container\" id=\"row-unique-0\"><div class=\"row quad-top-padding quad-bottom-padding single-h-padding full-width row-parent\"><div class=\"wpb_row row-inner\"><div class=\"wpb_column pos-middle pos-center align_center column_parent col-lg-12 single-internal-gutter\"><div class=\"uncol style-light\"  ><div class=\"uncoltable\"><div class=\"uncell\" ><div class=\"uncont no-block-padding col-custom-width\" style=\" max-width:1200px;\" ><div class=\"vc_row row-internal row-container\"><div class=\"row row-child\"><div class=\"wpb_row row-inner\"><div class=\"wpb_column pos-middle pos-center align_center column_child col-lg-12 single-internal-gutter\"><div class=\"uncol style-light\" ><div class=\"uncoltable\"><div class=\"uncell no-block-padding\" ><div class=\"uncont\" style=\" max-width:900px;\" ><div class=\"vc_custom_heading_wrap\"><div class=\"heading-text el-text\" ><h2 class=\"font-178627 h5 font-weight-700\" ><span>Camine alrededor de la cuadra con nosotros y aprenda de los l\u00edderes de toda la ciudad que est\u00e1n organizando la oraci\u00f3n fiel y la presencia en sus comunidades.<\/span><\/h2><\/div><div class=\"clear\"><\/div><\/div><\/div><\/div><\/div><\/div><\/div><\/div><\/div><\/div>\n\t<div class=\"wpb_raw_code wpb_raw_html\" >\n\t\t<div class=\"wpb_wrapper\">\n\t\t\t<iframe src=\"https:\/\/www.google.com\/maps\/d\/u\/0\/embed?mid=1j61QqZ8iP3BRliQlNhyDW5r3b50VYrVE\" width=\"640\" height=\"480\"><\/iframe>\n\t\t<\/div>\n\t<\/div>\n<div id=\"gallery-132608\" class=\"un-media-gallery isotope-system isotope-general-light grid-general-light\">\n\t\t\t\t\t\n\t\n\t<div class=\"isotope-wrapper grid-wrapper half-gutter\" >\n\t\t\t\t\t\t\t\t\t<div class=\"isotope-container isotope-layout style-masonry\" data-type=\"masonry\" data-layout=\"fitRows\" data-lg=\"800\" data-md=\"500\" data-sm=\"400\">\n<div class=\"tmb tmb-iso-w4 tmb-iso-h4 tmb-light tmb-overlay-text-anim tmb-overlay-anim tmb-content-center tmb-text-space-reduced tmb-image-anim tmb-id-78479  tmb-content-under tmb-media-first tmb-no-bg tmb-lightbox\" ><div class=\"t-inside no-anim\" ><div class=\"t-entry-visual\"><div class=\"t-entry-visual-tc\"><div class=\"t-entry-visual-cont\"><div class=\"t-entry-visual-overlay\"><div class=\"t-entry-visual-overlay-in style-dark-bg\" style=\"opacity: 0.5;\"><\/div><\/div><div class=\"font-178627 h6 font-weight-700 title-scale youtube-video fluid-object\" style=\"padding-top: 56.31%\"><iframe title=\"Alrededor de la cuadra - La Villita\" width=\"840\" height=\"473\" src=\"https:\/\/www.youtube.com\/embed\/WlmMTA3b7tU?feature=oembed&v=WlmMTA3b7tU\" frameborder=\"0\" allow=\"accelerometer; autoplay; clipboard-write; encrypted-media; gyroscope; picture-in-picture; web-share\" referrerpolicy=\"strict-origin-when-cross-origin\" allowfullscreen><\/iframe><\/div><\/div>\n\t\t\t\t\t<\/div>\n\t\t\t\t<\/div><div class=\"t-entry-text\">\n\t\t\t\t\t\t\t\t\t<div class=\"t-entry-text-tc single-block-padding\"><div class=\"t-entry\"><h3 class=\"t-entry-title font-178627 h6 font-weight-700 title-scale\">Around the Block - La Villita con Paco Amador<\/h3><\/div><\/div>\n\t\t\t\t\t\t\t<\/div><\/div><\/div><div class=\"tmb tmb-iso-w4 tmb-iso-h4 tmb-light tmb-overlay-text-anim tmb-overlay-anim tmb-content-center tmb-text-space-reduced tmb-image-anim tmb-id-78481  tmb-content-under tmb-media-first tmb-no-bg tmb-lightbox\" ><div class=\"t-inside no-anim\" ><div class=\"t-entry-visual\"><div class=\"t-entry-visual-tc\"><div class=\"t-entry-visual-cont\"><div class=\"t-entry-visual-overlay\"><div class=\"t-entry-visual-overlay-in style-dark-bg\" style=\"opacity: 0.5;\"><\/div><\/div><div class=\"font-178627 h6 font-weight-700 title-scale youtube-video fluid-object\" style=\"padding-top: 56.31%\"><iframe title=\"Alrededor de la manzana - Auburn Gresham\" width=\"840\" height=\"473\" src=\"https:\/\/www.youtube.com\/embed\/d3HPKjKV72w?feature=oembed&v=d3HPKjKV72w\" frameborder=\"0\" allow=\"accelerometer; autoplay; clipboard-write; encrypted-media; gyroscope; picture-in-picture; web-share\" referrerpolicy=\"strict-origin-when-cross-origin\" allowfullscreen><\/iframe><\/div><\/div>\n\t\t\t\t\t<\/div>\n\t\t\t\t<\/div><div class=\"t-entry-text\">\n\t\t\t\t\t\t\t\t\t<div class=\"t-entry-text-tc single-block-padding\"><div class=\"t-entry\"><h3 class=\"t-entry-title font-178627 h6 font-weight-700 title-scale\">Alrededor de la cuadra - Auburn Gresham con Donovan Price<\/h3><\/div><\/div>\n\t\t\t\t\t\t\t<\/div><\/div><\/div><div class=\"tmb tmb-iso-w4 tmb-iso-h4 tmb-light tmb-overlay-text-anim tmb-overlay-anim tmb-content-center tmb-text-space-reduced tmb-image-anim tmb-id-78580  tmb-content-under tmb-media-first tmb-no-bg tmb-lightbox\" ><div class=\"t-inside no-anim\" ><div class=\"t-entry-visual\"><div class=\"t-entry-visual-tc\"><div class=\"t-entry-visual-cont\"><div class=\"t-entry-visual-overlay\"><div class=\"t-entry-visual-overlay-in style-dark-bg\" style=\"opacity: 0.5;\"><\/div><\/div><div class=\"font-178627 h6 font-weight-700 title-scale youtube-video fluid-object\" style=\"padding-top: 56.31%\"><iframe title=\"La Vuelta a la Manzana - Resumen\" width=\"840\" height=\"473\" src=\"https:\/\/www.youtube.com\/embed\/Xt6QqesCfAs?feature=oembed\" frameborder=\"0\" allow=\"accelerometer; autoplay; clipboard-write; encrypted-media; gyroscope; picture-in-picture; web-share\" referrerpolicy=\"strict-origin-when-cross-origin\" allowfullscreen><\/iframe><\/div><\/div>\n\t\t\t\t\t<\/div>\n\t\t\t\t<\/div><div class=\"t-entry-text\">\n\t\t\t\t\t\t\t\t\t<div class=\"t-entry-text-tc single-block-padding\"><div class=\"t-entry\"><h3 class=\"t-entry-title font-178627 h6 font-weight-700 title-scale\">Around the Block - Descripci\u00f3n general con Doc Fuder<\/h3><\/div><\/div>\n\t\t\t\t\t\t\t<\/div><\/div><\/div><div class=\"tmb tmb-iso-w4 tmb-iso-h4 tmb-light tmb-overlay-text-anim tmb-overlay-anim tmb-content-center tmb-text-space-reduced tmb-image-anim tmb-id-78518  tmb-content-under tmb-media-first tmb-no-bg tmb-lightbox\" ><div class=\"t-inside no-anim\" ><div class=\"t-entry-visual\"><div class=\"t-entry-visual-tc\"><div class=\"t-entry-visual-cont\"><div class=\"t-entry-visual-overlay\"><div class=\"t-entry-visual-overlay-in style-dark-bg\" style=\"opacity: 0.5;\"><\/div><\/div><div class=\"font-178627 h6 font-weight-700 title-scale youtube-video fluid-object\" style=\"padding-top: 56.31%\"><iframe title=\"La Vuelta a la Manzana - Austin\" width=\"840\" height=\"473\" src=\"https:\/\/www.youtube.com\/embed\/cG3EfBeZGLM?feature=oembed\" frameborder=\"0\" allow=\"accelerometer; autoplay; clipboard-write; encrypted-media; gyroscope; picture-in-picture; web-share\" referrerpolicy=\"strict-origin-when-cross-origin\" allowfullscreen><\/iframe><\/div><\/div>\n\t\t\t\t\t<\/div>\n\t\t\t\t<\/div><div class=\"t-entry-text\">\n\t\t\t\t\t\t\t\t\t<div class=\"t-entry-text-tc single-block-padding\"><div class=\"t-entry\"><h3 class=\"t-entry-title font-178627 h6 font-weight-700 title-scale\">La Vuelta a la Manzana - Austin con Steve Epting<\/h3><\/div><\/div>\n\t\t\t\t\t\t\t<\/div><\/div><\/div><div class=\"tmb tmb-iso-w4 tmb-iso-h4 tmb-light tmb-overlay-text-anim tmb-overlay-anim tmb-content-center tmb-text-space-reduced tmb-image-anim tmb-id-78480  tmb-content-under tmb-media-first tmb-no-bg tmb-lightbox\" ><div class=\"t-inside no-anim\" ><div class=\"t-entry-visual\"><div class=\"t-entry-visual-tc\"><div class=\"t-entry-visual-cont\"><div class=\"t-entry-visual-overlay\"><div class=\"t-entry-visual-overlay-in style-dark-bg\" style=\"opacity: 0.5;\"><\/div><\/div><div class=\"font-178627 h6 font-weight-700 title-scale youtube-video fluid-object\" style=\"padding-top: 56.31%\"><iframe title=\"Alrededor de la manzana - Roseland\" width=\"840\" height=\"473\" src=\"https:\/\/www.youtube.com\/embed\/TIPKewGxY6I?feature=oembed&v=TIPKewGxY6I\" frameborder=\"0\" allow=\"accelerometer; autoplay; clipboard-write; encrypted-media; gyroscope; picture-in-picture; web-share\" referrerpolicy=\"strict-origin-when-cross-origin\" allowfullscreen><\/iframe><\/div><\/div>\n\t\t\t\t\t<\/div>\n\t\t\t\t<\/div><div class=\"t-entry-text\">\n\t\t\t\t\t\t\t\t\t<div class=\"t-entry-text-tc single-block-padding\"><div class=\"t-entry\"><h3 class=\"t-entry-title font-178627 h6 font-weight-700 title-scale\">La Vuelta a la Manzana - Roseland con Marc Henkel<\/h3><\/div><\/div>\n\t\t\t\t\t\t\t<\/div><\/div><\/div><div class=\"tmb tmb-iso-w4 tmb-iso-h4 tmb-light tmb-overlay-text-anim tmb-overlay-anim tmb-content-center tmb-text-space-reduced tmb-image-anim tmb-id-78506  tmb-content-under tmb-media-first tmb-no-bg tmb-lightbox\" ><div class=\"t-inside no-anim\" ><div class=\"t-entry-visual\"><div class=\"t-entry-visual-tc\"><div class=\"t-entry-visual-cont\"><div class=\"t-entry-visual-overlay\"><div class=\"t-entry-visual-overlay-in style-dark-bg\" style=\"opacity: 0.5;\"><\/div><\/div><div class=\"font-178627 h6 font-weight-700 title-scale youtube-video fluid-object\" style=\"padding-top: 56.31%\"><iframe title=\"Alrededor de la manzana - Englewood\" width=\"840\" height=\"473\" src=\"https:\/\/www.youtube.com\/embed\/xIc2iaxAyhc?feature=oembed&v=xIc2iaxAyhc\" frameborder=\"0\" allow=\"accelerometer; autoplay; clipboard-write; encrypted-media; gyroscope; picture-in-picture; web-share\" referrerpolicy=\"strict-origin-when-cross-origin\" allowfullscreen><\/iframe><\/div><\/div>\n\t\t\t\t\t<\/div>\n\t\t\t\t<\/div><div class=\"t-entry-text\">\n\t\t\t\t\t\t\t\t\t<div class=\"t-entry-text-tc single-block-padding\"><div class=\"t-entry\"><h3 class=\"t-entry-title font-178627 h6 font-weight-700 title-scale\">La Vuelta a la Manzana - Englewood con Jonathan Brooks<\/h3><\/div><\/div>\n\t\t\t\t\t\t\t<\/div><\/div><\/div><div class=\"tmb tmb-iso-w4 tmb-iso-h4 tmb-light tmb-overlay-text-anim tmb-overlay-anim tmb-content-center tmb-text-space-reduced tmb-image-anim tmb-id-78519  tmb-content-under tmb-media-first tmb-no-bg tmb-lightbox\" ><div class=\"t-inside no-anim\" ><div class=\"t-entry-visual\"><div class=\"t-entry-visual-tc\"><div class=\"t-entry-visual-cont\"><div class=\"t-entry-visual-overlay\"><div class=\"t-entry-visual-overlay-in style-dark-bg\" style=\"opacity: 0.5;\"><\/div><\/div><div class=\"font-178627 h6 font-weight-700 title-scale youtube-video fluid-object\" style=\"padding-top: 56.31%\"><iframe title=\"Alrededor de la manzana - Rogers Park\" width=\"840\" height=\"473\" src=\"https:\/\/www.youtube.com\/embed\/SEIDFnEFTug?feature=oembed\" frameborder=\"0\" allow=\"accelerometer; autoplay; clipboard-write; encrypted-media; gyroscope; picture-in-picture; web-share\" referrerpolicy=\"strict-origin-when-cross-origin\" allowfullscreen><\/iframe><\/div><\/div>\n\t\t\t\t\t<\/div>\n\t\t\t\t<\/div><div class=\"t-entry-text\">\n\t\t\t\t\t\t\t\t\t<div class=\"t-entry-text-tc single-block-padding\"><div class=\"t-entry\"><h3 class=\"t-entry-title font-178627 h6 font-weight-700 title-scale\">La Vuelta a la Manzana - Rogers Park con Scott Parker<\/h3><\/div><\/div>\n\t\t\t\t\t\t\t<\/div><\/div><\/div><div class=\"tmb tmb-iso-w4 tmb-iso-h4 tmb-light tmb-overlay-text-anim tmb-overlay-anim tmb-content-center tmb-text-space-reduced tmb-image-anim tmb-id-78543  tmb-content-under tmb-media-first tmb-no-bg tmb-lightbox\" ><div class=\"t-inside no-anim\" ><div class=\"t-entry-visual\"><div class=\"t-entry-visual-tc\"><div class=\"t-entry-visual-cont\"><div class=\"t-entry-visual-overlay\"><div class=\"t-entry-visual-overlay-in style-dark-bg\" style=\"opacity: 0.5;\"><\/div><\/div><div class=\"font-178627 h6 font-weight-700 title-scale youtube-video fluid-object\" style=\"padding-top: 56.31%\"><iframe title=\"Alrededor de la manzana - Westhaven Park\" width=\"840\" height=\"473\" src=\"https:\/\/www.youtube.com\/embed\/Q3Pv9kyjtjc?feature=oembed&v=Q3Pv9kyjtjc\" frameborder=\"0\" allow=\"accelerometer; autoplay; clipboard-write; encrypted-media; gyroscope; picture-in-picture; web-share\" referrerpolicy=\"strict-origin-when-cross-origin\" allowfullscreen><\/iframe><\/div><\/div>\n\t\t\t\t\t<\/div>\n\t\t\t\t<\/div><div class=\"t-entry-text\">\n\t\t\t\t\t\t\t\t\t<div class=\"t-entry-text-tc single-block-padding\"><div class=\"t-entry\"><h3 class=\"t-entry-title font-178627 h6 font-weight-700 title-scale\">Around the Block - Westhaven Park con el obispo Ed Peecher<\/h3><\/div><\/div>\n\t\t\t\t\t\t\t<\/div><\/div><\/div><div class=\"tmb tmb-iso-w4 tmb-iso-h4 tmb-light tmb-overlay-text-anim tmb-overlay-anim tmb-content-center tmb-text-space-reduced tmb-image-anim tmb-id-78561  tmb-content-under tmb-media-first tmb-no-bg tmb-lightbox\" ><div class=\"t-inside no-anim\" ><div class=\"t-entry-visual\"><div class=\"t-entry-visual-tc\"><div class=\"t-entry-visual-cont\"><div class=\"t-entry-visual-overlay\"><div class=\"t-entry-visual-overlay-in style-dark-bg\" style=\"opacity: 0.5;\"><\/div><\/div><div class=\"font-178627 h6 font-weight-700 title-scale youtube-video fluid-object\" style=\"padding-top: 56.31%\"><iframe title=\"La Vuelta a la Manzana - Bronzeville\" width=\"840\" height=\"473\" src=\"https:\/\/www.youtube.com\/embed\/4DzxQ4GC_hA?feature=oembed\" frameborder=\"0\" allow=\"accelerometer; autoplay; clipboard-write; encrypted-media; gyroscope; picture-in-picture; web-share\" referrerpolicy=\"strict-origin-when-cross-origin\" allowfullscreen><\/iframe><\/div><\/div>\n\t\t\t\t\t<\/div>\n\t\t\t\t<\/div><div class=\"t-entry-text\">\n\t\t\t\t\t\t\t\t\t<div class=\"t-entry-text-tc single-block-padding\"><div class=\"t-entry\"><h3 class=\"t-entry-title font-178627 h6 font-weight-700 title-scale\">La Vuelta a la Manzana - Bronzeville con Brian Dye<\/h3><\/div><\/div>\n\t\t\t\t\t\t\t<\/div><\/div><\/div><div class=\"tmb tmb-iso-w4 tmb-iso-h4 tmb-light tmb-overlay-text-anim tmb-overlay-anim tmb-content-center tmb-text-space-reduced tmb-image-anim tmb-id-78547  tmb-content-under tmb-media-first tmb-no-bg tmb-lightbox\" ><div class=\"t-inside no-anim\" ><div class=\"t-entry-visual\"><div class=\"t-entry-visual-tc\"><div class=\"t-entry-visual-cont\"><div class=\"t-entry-visual-overlay\"><div class=\"t-entry-visual-overlay-in style-dark-bg\" style=\"opacity: 0.5;\"><\/div><\/div><div class=\"font-178627 h6 font-weight-700 title-scale youtube-video fluid-object\" style=\"padding-top: 56.31%\"><iframe title=\"Vuelta a la manzana - Near North\/Cabrini Green\" width=\"840\" height=\"473\" src=\"https:\/\/www.youtube.com\/embed\/_lU6OkyfwKs?feature=oembed&v=_lU6OkyfwKs\" frameborder=\"0\" allow=\"accelerometer; autoplay; clipboard-write; encrypted-media; gyroscope; picture-in-picture; web-share\" referrerpolicy=\"strict-origin-when-cross-origin\" allowfullscreen><\/iframe><\/div><\/div>\n\t\t\t\t\t<\/div>\n\t\t\t\t<\/div><div class=\"t-entry-text\">\n\t\t\t\t\t\t\t\t\t<div class=\"t-entry-text-tc single-block-padding\"><div class=\"t-entry\"><h3 class=\"t-entry-title font-178627 h6 font-weight-700 title-scale\">Around the Block - Near North\/Cabrini Green con Khadija Warfield<\/h3><\/div><\/div>\n\t\t\t\t\t\t\t<\/div><\/div><\/div><div class=\"tmb tmb-iso-w4 tmb-iso-h4 tmb-light tmb-overlay-text-anim tmb-overlay-anim tmb-content-center tmb-text-space-reduced tmb-image-anim tmb-id-78562  tmb-content-under tmb-media-first tmb-no-bg tmb-lightbox\" ><div class=\"t-inside no-anim\" ><div class=\"t-entry-visual\"><div class=\"t-entry-visual-tc\"><div class=\"t-entry-visual-cont\"><div class=\"t-entry-visual-overlay\"><div class=\"t-entry-visual-overlay-in style-dark-bg\" style=\"opacity: 0.5;\"><\/div><\/div><div class=\"font-178627 h6 font-weight-700 title-scale youtube-video fluid-object\" style=\"padding-top: 56.31%\"><iframe title=\"La Vuelta a la Manzana - Aurora\" width=\"840\" height=\"473\" src=\"https:\/\/www.youtube.com\/embed\/7PwpobEDCb4?feature=oembed\" frameborder=\"0\" allow=\"accelerometer; autoplay; clipboard-write; encrypted-media; gyroscope; picture-in-picture; web-share\" referrerpolicy=\"strict-origin-when-cross-origin\" allowfullscreen><\/iframe><\/div><\/div>\n\t\t\t\t\t<\/div>\n\t\t\t\t<\/div><div class=\"t-entry-text\">\n\t\t\t\t\t\t\t\t\t<div class=\"t-entry-text-tc single-block-padding\"><div class=\"t-entry\"><h3 class=\"t-entry-title font-178627 h6 font-weight-700 title-scale\">La Vuelta a la Manzana - Aurora con Randy Schoof<\/h3><\/div><\/div>\n\t\t\t\t\t\t\t<\/div><\/div><\/div>\t\t\t<\/div>\n\t\t\t\t\t<\/div>\n\n\t\n\t\n\t\n<\/div>\n\n<div class=\"vc_row row-internal row-container\"><div class=\"row row-child\"><div class=\"wpb_row row-inner\"><div class=\"wpb_column pos-middle pos-center align_center column_child col-lg-12 single-internal-gutter\"><div class=\"uncol style-light\" ><div class=\"uncoltable\"><div class=\"uncell no-block-padding\" ><div class=\"uncont\" style=\" max-width:900px;\" ><span class=\"btn-container\" ><a role=\"button\"  href=\"https:\/\/chiunitepray.com\/es\/events\/\" class=\"custom-link btn border-width-0 btn-default btn-icon-left\" target=\"_blank\">Pr\u00f3ximo Oraci\u00f3n y Acci\u00f3n Unidas<\/a><\/span><\/div><\/div><\/div><\/div><\/div><\/div><\/div><\/div><\/div><\/div><\/div><\/div><\/div><script id=\"script-row-unique-0\" data-row=\"script-row-unique-0\" type=\"text\/javascript\" class=\"vc_controls\">UNCODE.initRow(document.getElementById(\"row-unique-0\"));<\/script><\/div><\/div><\/div>\n<\/div>","protected":false},"excerpt":{"rendered":"Walk around the block with us and learn from leaders across the city who are organizing faithful prayer &amp; presence [...]","protected":false},"author":1,"featured_media":78549,"parent":0,"menu_order":0,"comment_status":"closed","ping_status":"closed","template":"","meta":{"footnotes":""},"class_list":["post-78482","page","type-page","status-publish","has-post-thumbnail","hentry"],"_links":{"self":[{"href":"https:\/\/chiunitepray.com\/es\/wp-json\/wp\/v2\/pages\/78482","targetHints":{"allow":["GET"]}}],"collection":[{"href":"https:\/\/chiunitepray.com\/es\/wp-json\/wp\/v2\/pages"}],"about":[{"href":"https:\/\/chiunitepray.com\/es\/wp-json\/wp\/v2\/types\/page"}],"author":[{"embeddable":true,"href":"https:\/\/chiunitepray.com\/es\/wp-json\/wp\/v2\/users\/1"}],"replies":[{"embeddable":true,"href":"https:\/\/chiunitepray.com\/es\/wp-json\/wp\/v2\/comments?post=78482"}],"version-history":[{"count":0,"href":"https:\/\/chiunitepray.com\/es\/wp-json\/wp\/v2\/pages\/78482\/revisions"}],"wp:featuredmedia":[{"embeddable":true,"href":"https:\/\/chiunitepray.com\/es\/wp-json\/wp\/v2\/media\/78549"}],"wp:attachment":[{"href":"https:\/\/chiunitepray.com\/es\/wp-json\/wp\/v2\/media?parent=78482"}],"curies":[{"name":"gracias","href":"https:\/\/api.w.org\/{rel}","templated":true}]}}