{"id":81220,"date":"2026-02-25T17:08:58","date_gmt":"2026-02-25T17:08:58","guid":{"rendered":"https:\/\/chiunitepray.com\/?page_id=81220"},"modified":"2026-02-26T16:24:08","modified_gmt":"2026-02-26T16:24:08","slug":"love-your-neighbor-prayer-watch","status":"publish","type":"page","link":"https:\/\/chiunitepray.com\/es\/love-your-neighbor-prayer-watch\/","title":{"rendered":"Vigilia de oraci\u00f3n Ama a tu pr\u00f3jimo"},"content":{"rendered":"<div class=\"wpb-content-wrapper\"><div data-parent=\"true\" class=\"vc_row vc_custom_1772039687010 row-container\" style=\"margin-top: 50px ;\" id=\"row-unique-0\"><div class=\"row limit-width row-parent\"><div class=\"wpb_row row-inner\"><div class=\"wpb_column pos-top pos-center align_left column_parent col-lg-6 single-internal-gutter\"><div class=\"uncol style-light\"  ><div class=\"uncoltable\"><div class=\"uncell no-block-padding\" ><div class=\"uncont\" ><div class=\"uncode-single-media  text-center\"><div class=\"single-wrapper\" style=\"max-width: 85%;\"><div class=\"tmb tmb-light  tmb-media-first tmb-media-last tmb-content-overlay tmb-no-bg\"><div class=\"t-inside\"><div class=\"t-entry-visual\"><div class=\"t-entry-visual-tc\"><div class=\"uncode-single-media-wrapper\"><img decoding=\"async\" class=\"wp-image-81232\" src=\"https:\/\/chiunitepray.com\/wp-content\/uploads\/2026\/02\/1779889566561229822-2.jpg\" width=\"1815\" height=\"1361\" alt=\"\" srcset=\"https:\/\/chiunitepray.com\/wp-content\/uploads\/2026\/02\/1779889566561229822-2.jpg 1815w, https:\/\/chiunitepray.com\/wp-content\/uploads\/2026\/02\/1779889566561229822-2-300x225.jpg 300w, https:\/\/chiunitepray.com\/wp-content\/uploads\/2026\/02\/1779889566561229822-2-1024x768.jpg 1024w, https:\/\/chiunitepray.com\/wp-content\/uploads\/2026\/02\/1779889566561229822-2-768x576.jpg 768w, https:\/\/chiunitepray.com\/wp-content\/uploads\/2026\/02\/1779889566561229822-2-1536x1152.jpg 1536w, https:\/\/chiunitepray.com\/wp-content\/uploads\/2026\/02\/1779889566561229822-2-16x12.jpg 16w, https:\/\/chiunitepray.com\/wp-content\/uploads\/2026\/02\/1779889566561229822-2-350x262.jpg 350w\" sizes=\"(max-width: 1815px) 100vw, 1815px\" \/><\/div>\n\t\t\t\t\t<\/div>\n\t\t\t\t<\/div><\/div><\/div><\/div><\/div><\/div><\/div><\/div><\/div><\/div><div class=\"wpb_column pos-top pos-center align_left column_parent col-lg-6 single-internal-gutter\"><div class=\"uncol style-light\"  ><div class=\"uncoltable\"><div class=\"uncell no-block-padding\" ><div class=\"uncont\" ><div class=\"uncode_text_column\" ><\/p>\n<h2>Un llamado a la oraci\u00f3n<\/h2>\n<p>\n<\/div><div class=\"uncode_text_column\" ><\/p>\n<p class=\"my-2 &#091;&amp;+p&#093;:mt-4 &#091;&amp;_strong:has(+br)&#093;:inline-block &#091;&amp;_strong:has(+br)&#093;:pb-2\">Nuestros vecinos inmigrantes de nuestra ciudad enfrentan desaf\u00edos reales en este momento: incertidumbre, estr\u00e9s y necesidades pr\u00e1cticas que pueden resultar abrumadoras. Creemos que una manera significativa de responder es orar con constancia, compasi\u00f3n y esperanza.<\/p>\n<p>\n<\/div><div class=\"uncode_text_column\" ><\/p>\n<p class=\"my-2 &#091;&amp;+p&#093;:mt-4 &#091;&amp;_strong:has(+br)&#093;:inline-block &#091;&amp;_strong:has(+br)&#093;:pb-2\"><strong>Te invitamos a registrarte para orar individualmente, con amigos o con tu iglesia, una vez por semana, intercediendo por las personas inmigrantes, las familias de nuestra comunidad y los agentes de ICE.<\/strong><\/p>\n<p>\n<\/div><span class=\"btn-container\" ><a role=\"button\"  href=\"https:\/\/chiunitepray.com\/es\/loveyourneighbor\/\" class=\"custom-link btn border-width-0 btn-accent btn-icon-left\" target=\"_blank\">Haz un compromiso<\/a><\/span><\/div><\/div><\/div><\/div><\/div><script id=\"script-row-unique-0\" data-row=\"script-row-unique-0\" type=\"text\/javascript\" class=\"vc_controls\">UNCODE.initRow(document.getElementById(\"row-unique-0\"));<\/script><\/div><\/div><\/div><div data-parent=\"true\" class=\"vc_row row-container\" id=\"row-unique-1\"><div class=\"row limit-width row-parent\"><div class=\"wpb_row row-inner\"><div class=\"wpb_column pos-top pos-center align_left column_parent col-lg-12 single-internal-gutter\"><div class=\"uncol style-light\"  ><div class=\"uncoltable\"><div class=\"uncell no-block-padding\" ><div class=\"uncont\" ><div class=\"uncode_text_column border-transparent-color text-accent-color\" ><\/p>\n<blockquote>\n<p><em>Amar\u00e1s al Se\u00f1or tu Dios con todo tu coraz\u00f3n, con toda tu alma, con toda tu mente y con todas tus fuerzas. El segundo es este: Amar\u00e1s a tu pr\u00f3jimo como a ti mismo. No hay otro mandamiento mayor que estos.\u2019<\/em><br \/>\nMarcos 12:30-31<\/p>\n<\/blockquote>\n<p>\n<\/div><\/div><\/div><\/div><\/div><\/div><script id=\"script-row-unique-1\" data-row=\"script-row-unique-1\" type=\"text\/javascript\" class=\"vc_controls\">UNCODE.initRow(document.getElementById(\"row-unique-1\"));<\/script><\/div><\/div><\/div>\n<\/div>","protected":false},"excerpt":{"rendered":"A Call to Prayer Our immigrant neighbors in our city are facing real challenges right now\u2014uncertainty, stress, and practical needs [...]","protected":false},"author":9,"featured_media":81232,"parent":0,"menu_order":0,"comment_status":"closed","ping_status":"closed","template":"","meta":{"footnotes":""},"class_list":["post-81220","page","type-page","status-publish","has-post-thumbnail","hentry"],"_links":{"self":[{"href":"https:\/\/chiunitepray.com\/es\/wp-json\/wp\/v2\/pages\/81220","targetHints":{"allow":["GET"]}}],"collection":[{"href":"https:\/\/chiunitepray.com\/es\/wp-json\/wp\/v2\/pages"}],"about":[{"href":"https:\/\/chiunitepray.com\/es\/wp-json\/wp\/v2\/types\/page"}],"author":[{"embeddable":true,"href":"https:\/\/chiunitepray.com\/es\/wp-json\/wp\/v2\/users\/9"}],"replies":[{"embeddable":true,"href":"https:\/\/chiunitepray.com\/es\/wp-json\/wp\/v2\/comments?post=81220"}],"version-history":[{"count":0,"href":"https:\/\/chiunitepray.com\/es\/wp-json\/wp\/v2\/pages\/81220\/revisions"}],"wp:featuredmedia":[{"embeddable":true,"href":"https:\/\/chiunitepray.com\/es\/wp-json\/wp\/v2\/media\/81232"}],"wp:attachment":[{"href":"https:\/\/chiunitepray.com\/es\/wp-json\/wp\/v2\/media?parent=81220"}],"curies":[{"name":"gracias","href":"https:\/\/api.w.org\/{rel}","templated":true}]}}